{"id":929,"date":"2024-02-25T11:33:23","date_gmt":"2024-02-25T10:33:23","guid":{"rendered":"https:\/\/www.utopiasis.it\/?page_id=929"},"modified":"2024-03-07T20:06:04","modified_gmt":"2024-03-07T19:06:04","slug":"af-alternative-asset-advisor","status":"publish","type":"page","link":"https:\/\/www.utopiasis.it\/en\/af-alternative-asset-advisor\/","title":{"rendered":"AF &#8211; Alternative Asset Advisor"},"content":{"rendered":"\n[et_pb_section fb_built=&#8221;1&#8243; _builder_version=&#8221;4.24.2&#8243; _module_preset=&#8221;default&#8221; background_image=&#8221;https:\/\/www.utopiasis.it\/wp-content\/uploads\/2024\/02\/empty-meeting-room-with-table-whiteboard-scaled.jpg&#8221; background_enable_mask_style=&#8221;on&#8221; background_mask_style=&#8221;caret&#8221; background_mask_color=&#8221;gcid-237e273c-f56a-4eda-aaac-e80fb41a0548&#8243; custom_margin=&#8221;85px||||false|false&#8221; global_colors_info=&#8221;{%22gcid-237e273c-f56a-4eda-aaac-e80fb41a0548%22:%91%22background_mask_color%22%93}&#8221;][et_pb_row column_structure=&#8221;1_2,1_2&#8243; _builder_version=&#8221;4.24.2&#8243; _module_preset=&#8221;default&#8221; global_colors_info=&#8221;{}&#8221;][et_pb_column type=&#8221;1_2&#8243; _builder_version=&#8221;4.24.2&#8243; _module_preset=&#8221;default&#8221; global_colors_info=&#8221;{}&#8221;][et_pb_heading title=&#8221;AF &#8211; ALTERNATIVE ASSET ADVISOR&#8221; _builder_version=&#8221;4.24.2&#8243; _module_preset=&#8221;default&#8221; title_text_color=&#8221;#FFFFFF&#8221; title_font_size=&#8221;40px&#8221; global_colors_info=&#8221;{}&#8221;][\/et_pb_heading][\/et_pb_column][et_pb_column type=&#8221;1_2&#8243; _builder_version=&#8221;4.24.2&#8243; _module_preset=&#8221;default&#8221; global_colors_info=&#8221;{}&#8221;][\/et_pb_column][\/et_pb_row][\/et_pb_section][et_pb_section fb_built=&#8221;1&#8243; _builder_version=&#8221;4.24.2&#8243; _module_preset=&#8221;default&#8221; global_colors_info=&#8221;{}&#8221;][et_pb_row column_structure=&#8221;1_4,3_4&#8243; _builder_version=&#8221;4.24.2&#8243; _module_preset=&#8221;default&#8221; global_colors_info=&#8221;{}&#8221;][et_pb_column type=&#8221;1_4&#8243; _builder_version=&#8221;4.24.2&#8243; _module_preset=&#8221;default&#8221; global_colors_info=&#8221;{}&#8221;][et_pb_image src=&#8221;https:\/\/www.utopiasis.it\/wp-content\/uploads\/2024\/02\/3.png&#8221; title_text=&#8221;3&#8243; url=&#8221;@ET-DC@eyJkeW5hbWljIjp0cnVlLCJjb250ZW50IjoicG9zdF9saW5rX3VybF9wYWdlIiwic2V0dGluZ3MiOnsicG9zdF9pZCI6IjE2NSJ9fQ==@&#8221; _builder_version=&#8221;4.24.2&#8243; _dynamic_attributes=&#8221;url&#8221; _module_preset=&#8221;default&#8221; box_shadow_style=&#8221;preset3&#8243; global_colors_info=&#8221;{}&#8221;][\/et_pb_image][\/et_pb_column][et_pb_column type=&#8221;3_4&#8243; _builder_version=&#8221;4.24.2&#8243; _module_preset=&#8221;default&#8221; global_colors_info=&#8221;{}&#8221;][et_pb_text _builder_version=&#8221;4.24.2&#8243; _module_preset=&#8221;default&#8221; text_text_color=&#8221;#000000&#8243; text_font_size=&#8221;17px&#8221; text_line_height=&#8221;1.8em&#8221; text_orientation=&#8221;justified&#8221; hover_enabled=&#8221;0&#8243; locked=&#8221;off&#8221; global_colors_info=&#8221;{}&#8221; sticky_enabled=&#8221;0&#8243;]<p>Antonio Falcone boasts 25 years of experience in the Asset Management sector, having worked in prominent companies such as Gruppo Deutsche Bank, Diners Italia, Axa Assicurazioni, and Unicredit; with a remarkable track record of roles, functions, positions held, and objectives achieved.<\/p>\n<p>We highlight in particular his role as Investment Manager of the Inarcassa Pension Fund, where for three consecutive years the same Fund was awarded the IPE prize as Best European Fund Manager for risk allocation and for the Alternative Investments category.<\/p>\n<p>He has served as Head of Institutional Investor, Head of the Rome office, and member of the Asset Allocation committee at Kairos Partners.<\/p>\n<p>In 2013, he became a partner and CEO of Principia SGR, revitalizing its activity and creating the largest Italian VC Fund focused on Healthcare with over 200 million in assets.<\/p>\n<p>Over the years, alongside this, he has engaged in both Business Angel and Advisory activities, and has been a member of various Advisory Boards of PE Funds such as Ambienta SGR, Perennius, and Alto Partners.<\/p>[\/et_pb_text][\/et_pb_column][\/et_pb_row][\/et_pb_section]\n","protected":false},"excerpt":{"rendered":"<p>Antonio Falcone boasts 25 years of experience in the Asset Management sector, having worked in prominent companies such as Gruppo Deutsche Bank, Diners Italia, Axa Assicurazioni, and Unicredit; with a remarkable track record of roles, functions, positions held, and objectives achieved. We highlight in particular his role as Investment Manager of the Inarcassa Pension Fund, [&hellip;]<\/p>\n","protected":false},"author":1,"featured_media":0,"parent":0,"menu_order":0,"comment_status":"closed","ping_status":"closed","template":"","meta":{"_et_pb_use_builder":"on","_et_pb_old_content":"[et_pb_section fb_built=\"1\" _builder_version=\"4.24.2\" _module_preset=\"default\" background_image=\"https:\/\/www.utopiasis.it\/wp-content\/uploads\/2024\/02\/empty-meeting-room-with-table-whiteboard-scaled.jpg\" background_enable_mask_style=\"on\" background_mask_style=\"caret\" background_mask_color=\"gcid-237e273c-f56a-4eda-aaac-e80fb41a0548\" custom_margin=\"85px||||false|false\" hover_enabled=\"0\" global_colors_info=\"{%22gcid-237e273c-f56a-4eda-aaac-e80fb41a0548%22:%91%22background_mask_color%22%93}\" theme_builder_area=\"post_content\" title_text=\"Empty Meeting Room With Table and Whiteboard\" sticky_enabled=\"0\"][et_pb_row column_structure=\"1_2,1_2\" _builder_version=\"4.24.2\" _module_preset=\"default\" global_colors_info=\"{}\" theme_builder_area=\"post_content\"][et_pb_column type=\"1_2\" _builder_version=\"4.24.2\" _module_preset=\"default\" global_colors_info=\"{}\" theme_builder_area=\"post_content\"][et_pb_heading title=\"AF - ALTERNATIVE ASSET ADVISOR\" _builder_version=\"4.24.2\" _module_preset=\"default\" title_text_color=\"#FFFFFF\" title_font_size=\"40px\" hover_enabled=\"0\" global_colors_info=\"{}\" theme_builder_area=\"post_content\" sticky_enabled=\"0\"][\/et_pb_heading][\/et_pb_column][et_pb_column type=\"1_2\" _builder_version=\"4.24.2\" _module_preset=\"default\" global_colors_info=\"{}\" theme_builder_area=\"post_content\"][\/et_pb_column][\/et_pb_row][\/et_pb_section][et_pb_section fb_built=\"1\" _builder_version=\"4.24.2\" _module_preset=\"default\" global_colors_info=\"{}\" theme_builder_area=\"post_content\"][et_pb_row column_structure=\"1_4,3_4\" _builder_version=\"4.24.2\" _module_preset=\"default\" global_colors_info=\"{}\" theme_builder_area=\"post_content\"][et_pb_column type=\"1_4\" _builder_version=\"4.24.2\" _module_preset=\"default\" global_colors_info=\"{}\" theme_builder_area=\"post_content\"][et_pb_image src=\"https:\/\/www.utopiasis.it\/wp-content\/uploads\/2024\/02\/3.png\" title_text=\"3\" url=\"@ET-DC@eyJkeW5hbWljIjp0cnVlLCJjb250ZW50IjoicG9zdF9saW5rX3VybF9wYWdlIiwic2V0dGluZ3MiOnsicG9zdF9pZCI6IjE2NSJ9fQ==@\" _builder_version=\"4.24.2\" _dynamic_attributes=\"url\" _module_preset=\"default\" box_shadow_style=\"preset3\" global_colors_info=\"{}\" theme_builder_area=\"post_content\"][\/et_pb_image][\/et_pb_column][et_pb_column type=\"3_4\" _builder_version=\"4.24.2\" _module_preset=\"default\" global_colors_info=\"{}\" theme_builder_area=\"post_content\"][et_pb_text _builder_version=\"4.24.2\" _module_preset=\"default\" text_text_color=\"#000000\" text_font_size=\"17px\" text_line_height=\"1.8em\" text_orientation=\"justified\" hover_enabled=\"0\" locked=\"off\" global_colors_info=\"{}\" theme_builder_area=\"post_content\" sticky_enabled=\"0\"]\n\nAntonio Falcone vanta 25 anni di esperienza nel settore dell\u2019Asset Management in importanti aziende del settore come Gruppo Deutsche Bank, Diners Italia, Axa Assicurazioni e Unicredit; con un rilevante track record di ruoli, funzioni, incarichi ricoperti e obiettivi raggiunti.\n\nSegnaliamo in particolare il ruolo di responsabile investimenti del Fondo Pensione Inarcassa, ove per tre anni consecutivi lo stesso Fondo \u00e8 stato vincitore del premio IPE, come Miglior Fund Manager Europeo per allocazione del rischio e per la categoria Alternative Investments o e per la categoria Alternative Investments.\n\nHa ricoperto il ruolo di Head of Institutional Investor, di responsabile dell\u2019ufficio di Roma e membro del comitato di Asset Allocation in Kairos Partners.\n\nNel 2013 \u00e8 divenuto socio e Amministratore Delegato di Principia SGR, rilanciandone l\u2019attivit\u00e0 e creando il pi\u00f9 importante Fondo di VC italiano focalizzato sul Healthcare con pi\u00f9 di 200 milioni di asset.\n\nA questo negli anni ha affiancato sia una attivit\u00e0 di Business Angel che di Advisory; nonch\u00e9 \u00e8 stato membro di vari Advisory Board di Fondi di PE come Ambienta SGR, Perennius e Alto Partners.\n\n[\/et_pb_text][\/et_pb_column][\/et_pb_row][\/et_pb_section]","_et_gb_content_width":"","footnotes":""},"class_list":["post-929","page","type-page","status-publish","hentry"],"yoast_head":"<!-- This site is optimized with the Yoast SEO plugin v26.7 - https:\/\/yoast.com\/wordpress\/plugins\/seo\/ -->\n<title>AF - Alternative Asset Advisor - UTOPIA SOCIETA&#039; DI INVESTIMENTO SEMPLICE<\/title>\n<meta name=\"description\" content=\"n 2013, he became a partner and CEO of Principia SGR, revitalizing its activity and creating the largest Italian VC Fund focused on Healthcare with over 200 million in assets.\" \/>\n<meta name=\"robots\" content=\"index, follow, max-snippet:-1, max-image-preview:large, max-video-preview:-1\" \/>\n<link rel=\"canonical\" href=\"https:\/\/www.utopiasis.it\/en\/af-alternative-asset-advisor\/\" \/>\n<meta property=\"og:locale\" content=\"en_US\" \/>\n<meta property=\"og:type\" content=\"article\" \/>\n<meta property=\"og:title\" content=\"AF - Alternative Asset Advisor - UTOPIA SOCIETA&#039; DI INVESTIMENTO SEMPLICE\" \/>\n<meta property=\"og:description\" content=\"n 2013, he became a partner and CEO of Principia SGR, revitalizing its activity and creating the largest Italian VC Fund focused on Healthcare with over 200 million in assets.\" \/>\n<meta property=\"og:url\" content=\"https:\/\/www.utopiasis.it\/en\/af-alternative-asset-advisor\/\" \/>\n<meta property=\"og:site_name\" content=\"UTOPIA SOCIETA&#039; DI INVESTIMENTO SEMPLICE\" \/>\n<meta property=\"article:modified_time\" content=\"2024-03-07T19:06:04+00:00\" \/>\n<meta name=\"twitter:card\" content=\"summary_large_image\" \/>\n<meta name=\"twitter:label1\" content=\"Est. reading time\" \/>\n\t<meta name=\"twitter:data1\" content=\"2 minutes\" \/>\n<script type=\"application\/ld+json\" class=\"yoast-schema-graph\">{\"@context\":\"https:\/\/schema.org\",\"@graph\":[{\"@type\":\"WebPage\",\"@id\":\"https:\/\/www.utopiasis.it\/en\/af-alternative-asset-advisor\/\",\"url\":\"https:\/\/www.utopiasis.it\/en\/af-alternative-asset-advisor\/\",\"name\":\"AF - Alternative Asset Advisor - UTOPIA SOCIETA&#039; DI INVESTIMENTO SEMPLICE\",\"isPartOf\":{\"@id\":\"https:\/\/utopia.p82.it\/#website\"},\"datePublished\":\"2024-02-25T10:33:23+00:00\",\"dateModified\":\"2024-03-07T19:06:04+00:00\",\"description\":\"n 2013, he became a partner and CEO of Principia SGR, revitalizing its activity and creating the largest Italian VC Fund focused on Healthcare with over 200 million in assets.\",\"breadcrumb\":{\"@id\":\"https:\/\/www.utopiasis.it\/en\/af-alternative-asset-advisor\/#breadcrumb\"},\"inLanguage\":\"en-US\",\"potentialAction\":[{\"@type\":\"ReadAction\",\"target\":[\"https:\/\/www.utopiasis.it\/en\/af-alternative-asset-advisor\/\"]}]},{\"@type\":\"BreadcrumbList\",\"@id\":\"https:\/\/www.utopiasis.it\/en\/af-alternative-asset-advisor\/#breadcrumb\",\"itemListElement\":[{\"@type\":\"ListItem\",\"position\":1,\"name\":\"Home\",\"item\":\"https:\/\/www.utopiasis.it\/en\/\"},{\"@type\":\"ListItem\",\"position\":2,\"name\":\"AF &#8211; Alternative Asset Advisor\"}]},{\"@type\":\"WebSite\",\"@id\":\"https:\/\/utopia.p82.it\/#website\",\"url\":\"https:\/\/utopia.p82.it\/\",\"name\":\"utopia sis\",\"description\":\"\",\"publisher\":{\"@id\":\"https:\/\/utopia.p82.it\/#organization\"},\"potentialAction\":[{\"@type\":\"SearchAction\",\"target\":{\"@type\":\"EntryPoint\",\"urlTemplate\":\"https:\/\/utopia.p82.it\/?s={search_term_string}\"},\"query-input\":{\"@type\":\"PropertyValueSpecification\",\"valueRequired\":true,\"valueName\":\"search_term_string\"}}],\"inLanguage\":\"en-US\"},{\"@type\":\"Organization\",\"@id\":\"https:\/\/utopia.p82.it\/#organization\",\"name\":\"utopia sis\",\"url\":\"https:\/\/utopia.p82.it\/\",\"logo\":{\"@type\":\"ImageObject\",\"inLanguage\":\"en-US\",\"@id\":\"https:\/\/utopia.p82.it\/#\/schema\/logo\/image\/\",\"url\":\"https:\/\/www.utopiasis.it\/wp-content\/uploads\/2024\/02\/logo-utopia-v-buona.jpg\",\"contentUrl\":\"https:\/\/www.utopiasis.it\/wp-content\/uploads\/2024\/02\/logo-utopia-v-buona.jpg\",\"width\":569,\"height\":191,\"caption\":\"utopia sis\"},\"image\":{\"@id\":\"https:\/\/utopia.p82.it\/#\/schema\/logo\/image\/\"}}]}<\/script>\n<!-- \/ Yoast SEO plugin. -->","yoast_head_json":{"title":"AF - Alternative Asset Advisor - UTOPIA SOCIETA&#039; DI INVESTIMENTO SEMPLICE","description":"n 2013, he became a partner and CEO of Principia SGR, revitalizing its activity and creating the largest Italian VC Fund focused on Healthcare with over 200 million in assets.","robots":{"index":"index","follow":"follow","max-snippet":"max-snippet:-1","max-image-preview":"max-image-preview:large","max-video-preview":"max-video-preview:-1"},"canonical":"https:\/\/www.utopiasis.it\/en\/af-alternative-asset-advisor\/","og_locale":"en_US","og_type":"article","og_title":"AF - Alternative Asset Advisor - UTOPIA SOCIETA&#039; DI INVESTIMENTO SEMPLICE","og_description":"n 2013, he became a partner and CEO of Principia SGR, revitalizing its activity and creating the largest Italian VC Fund focused on Healthcare with over 200 million in assets.","og_url":"https:\/\/www.utopiasis.it\/en\/af-alternative-asset-advisor\/","og_site_name":"UTOPIA SOCIETA&#039; DI INVESTIMENTO SEMPLICE","article_modified_time":"2024-03-07T19:06:04+00:00","twitter_card":"summary_large_image","twitter_misc":{"Est. reading time":"2 minutes"},"schema":{"@context":"https:\/\/schema.org","@graph":[{"@type":"WebPage","@id":"https:\/\/www.utopiasis.it\/en\/af-alternative-asset-advisor\/","url":"https:\/\/www.utopiasis.it\/en\/af-alternative-asset-advisor\/","name":"AF - Alternative Asset Advisor - UTOPIA SOCIETA&#039; DI INVESTIMENTO SEMPLICE","isPartOf":{"@id":"https:\/\/utopia.p82.it\/#website"},"datePublished":"2024-02-25T10:33:23+00:00","dateModified":"2024-03-07T19:06:04+00:00","description":"n 2013, he became a partner and CEO of Principia SGR, revitalizing its activity and creating the largest Italian VC Fund focused on Healthcare with over 200 million in assets.","breadcrumb":{"@id":"https:\/\/www.utopiasis.it\/en\/af-alternative-asset-advisor\/#breadcrumb"},"inLanguage":"en-US","potentialAction":[{"@type":"ReadAction","target":["https:\/\/www.utopiasis.it\/en\/af-alternative-asset-advisor\/"]}]},{"@type":"BreadcrumbList","@id":"https:\/\/www.utopiasis.it\/en\/af-alternative-asset-advisor\/#breadcrumb","itemListElement":[{"@type":"ListItem","position":1,"name":"Home","item":"https:\/\/www.utopiasis.it\/en\/"},{"@type":"ListItem","position":2,"name":"AF &#8211; Alternative Asset Advisor"}]},{"@type":"WebSite","@id":"https:\/\/utopia.p82.it\/#website","url":"https:\/\/utopia.p82.it\/","name":"utopia sis","description":"","publisher":{"@id":"https:\/\/utopia.p82.it\/#organization"},"potentialAction":[{"@type":"SearchAction","target":{"@type":"EntryPoint","urlTemplate":"https:\/\/utopia.p82.it\/?s={search_term_string}"},"query-input":{"@type":"PropertyValueSpecification","valueRequired":true,"valueName":"search_term_string"}}],"inLanguage":"en-US"},{"@type":"Organization","@id":"https:\/\/utopia.p82.it\/#organization","name":"utopia sis","url":"https:\/\/utopia.p82.it\/","logo":{"@type":"ImageObject","inLanguage":"en-US","@id":"https:\/\/utopia.p82.it\/#\/schema\/logo\/image\/","url":"https:\/\/www.utopiasis.it\/wp-content\/uploads\/2024\/02\/logo-utopia-v-buona.jpg","contentUrl":"https:\/\/www.utopiasis.it\/wp-content\/uploads\/2024\/02\/logo-utopia-v-buona.jpg","width":569,"height":191,"caption":"utopia sis"},"image":{"@id":"https:\/\/utopia.p82.it\/#\/schema\/logo\/image\/"}}]}},"_links":{"self":[{"href":"https:\/\/www.utopiasis.it\/en\/wp-json\/wp\/v2\/pages\/929","targetHints":{"allow":["GET"]}}],"collection":[{"href":"https:\/\/www.utopiasis.it\/en\/wp-json\/wp\/v2\/pages"}],"about":[{"href":"https:\/\/www.utopiasis.it\/en\/wp-json\/wp\/v2\/types\/page"}],"author":[{"embeddable":true,"href":"https:\/\/www.utopiasis.it\/en\/wp-json\/wp\/v2\/users\/1"}],"replies":[{"embeddable":true,"href":"https:\/\/www.utopiasis.it\/en\/wp-json\/wp\/v2\/comments?post=929"}],"version-history":[{"count":4,"href":"https:\/\/www.utopiasis.it\/en\/wp-json\/wp\/v2\/pages\/929\/revisions"}],"predecessor-version":[{"id":933,"href":"https:\/\/www.utopiasis.it\/en\/wp-json\/wp\/v2\/pages\/929\/revisions\/933"}],"wp:attachment":[{"href":"https:\/\/www.utopiasis.it\/en\/wp-json\/wp\/v2\/media?parent=929"}],"curies":[{"name":"wp","href":"https:\/\/api.w.org\/{rel}","templated":true}]}}